{"id":271,"date":"2024-10-01T13:53:28","date_gmt":"2024-10-01T10:53:28","guid":{"rendered":"https:\/\/decipherthebrand.com\/?post_type=product&#038;p=271"},"modified":"2026-04-07T17:23:22","modified_gmt":"2026-04-07T14:23:22","slug":"kubra1-trousers","status":"publish","type":"product","link":"https:\/\/decipherthebrand.com\/it\/shop\/collections\/kubra1-trousers\/","title":{"rendered":"PANTALONI KUBRA 1"},"content":{"rendered":"<p>&nbsp;<\/p>\n<p>La seconda reinterpretazione dei jeans alla vita alta realizzata con cura per trasmettere sia concettualismo che comfort.\u00a0Si ispira alla citazione di C. Brancusi: &#8220;Ci\u00f2 che \u00e8 reale non \u00e8 l&#8217;apparenza ma l&#8217;essenza delle cose&#8221;. Quest&#8217;idea \u00e8 qui dimostrata dal fatto che la fodera assume una posizione primordiale, mimando cos\u00ec l&#8217;emergere del mondo interiore.<\/p>\n<p>Un capo essenziale del guardaroba si \u00e8 trasformato in un concetto indossabile che sicuramente attirer\u00e0 tutti gli sguardi su di voi.<\/p>\n<p>I nostri tessuti e hardware sono certificati Oeko-Tex.<\/p>\n<p>Nome: deriva dall&#8217;arabo e significa grande, maggiore.<\/p>\n<p>TAGLIA :<\/p>\n<p>XS : B: 80-83 cm. \u00a0 \u00a0 V: 60-63 cm. \u00a0 F: 89-93 cm.<\/p>\n<p>S \u00a0 \u00a0: \u00a0B: 84-86 cm. \u00a0 \u00a0 V: 64-67 cm. \u00a0 F: 94-97 cm.<\/p>\n<p>M \u00a0: \u00a0 B: 87-90 cm. \u00a0 \u00a0 V: 68-71 cm. \u00a0 F: 99-102 cm.<\/p>\n<p>L \u00a0 : \u00a0 B: \u00a090-93 cm. \u00a0 \u00a0 V: 72-75 cm. \u00a0 F: 103-106 cm.<\/p>","protected":false},"excerpt":{"rendered":"<p>&nbsp; La seconda reinterpretazione dei jeans alla vita alta realizzata con cura per trasmettere sia concettualismo che comfort.\u00a0Si ispira alla citazione di C. Brancusi: &#8220;Ci\u00f2 che \u00e8 reale non \u00e8 l&#8217;apparenza ma l&#8217;essenza delle cose&#8221;. Quest&#8217;idea \u00e8 qui dimostrata dal fatto che la fodera assume una posizione primordiale, mimando cos\u00ec l&#8217;emergere del mondo interiore. Un [&hellip;]<\/p>\n","protected":false},"featured_media":282,"template":"","meta":[],"product_brand":[],"product_cat":[29,15,18],"product_tag":[],"class_list":{"0":"post-271","1":"product","2":"type-product","3":"status-publish","4":"has-post-thumbnail","6":"product_cat-collections","7":"product_cat-new-in","8":"product_cat-bottoms","10":"first","11":"instock","12":"taxable","13":"shipping-taxable","14":"purchasable","15":"product-type-variable"},"_links":{"self":[{"href":"https:\/\/decipherthebrand.com\/it\/wp-json\/wp\/v2\/product\/271","targetHints":{"allow":["GET"]}}],"collection":[{"href":"https:\/\/decipherthebrand.com\/it\/wp-json\/wp\/v2\/product"}],"about":[{"href":"https:\/\/decipherthebrand.com\/it\/wp-json\/wp\/v2\/types\/product"}],"wp:featuredmedia":[{"embeddable":true,"href":"https:\/\/decipherthebrand.com\/it\/wp-json\/wp\/v2\/media\/282"}],"wp:attachment":[{"href":"https:\/\/decipherthebrand.com\/it\/wp-json\/wp\/v2\/media?parent=271"}],"wp:term":[{"taxonomy":"product_brand","embeddable":true,"href":"https:\/\/decipherthebrand.com\/it\/wp-json\/wp\/v2\/product_brand?post=271"},{"taxonomy":"product_cat","embeddable":true,"href":"https:\/\/decipherthebrand.com\/it\/wp-json\/wp\/v2\/product_cat?post=271"},{"taxonomy":"product_tag","embeddable":true,"href":"https:\/\/decipherthebrand.com\/it\/wp-json\/wp\/v2\/product_tag?post=271"}],"curies":[{"name":"wp","href":"https:\/\/api.w.org\/{rel}","templated":true}]}}