{"id":147,"date":"2024-09-21T13:48:08","date_gmt":"2024-09-21T10:48:08","guid":{"rendered":"https:\/\/decipherthebrand.com\/?post_type=product&#038;p=147"},"modified":"2026-04-07T17:25:52","modified_gmt":"2026-04-07T14:25:52","slug":"taderfit-blazer","status":"publish","type":"product","link":"https:\/\/decipherthebrand.com\/it\/shop\/collections\/taderfit-blazer\/","title":{"rendered":"BLAZER TADERFIT"},"content":{"rendered":"<p>Il nostro blazer sartoriale: un classico rinnovato con un tocco d&#8217;avanguardia.<\/p>\n<p>L&#8217;ispirazione viene dalla &#8220;Colonna infinita&#8221; di C. Brancusi, che simboleggia molto di pi\u00f9 del motivo per cui \u00e8 stata inizialmente commissionata. \u00c8 la tendenza all&#8217;infinito&#8221;, e il suo ultimo rombo volutamente incompiuto si trasforma in precisi tagli sul girovita e la verticalit\u00e0 di un blazer comune viene capovolta.<\/p>\n<p>Un pezzo senza tempo con un tocco moderno che emana un \u2018energia solida e audacia.<\/p>\n<p>I nostri tessuti e hardware sono certificati Oeko-Tex.<\/p>\n<p>Nome: Nome Amazigh, significa liberazione e gloria.<\/p>\n<p>TAGLIA :<\/p>\n<p>XS : B: 80-83 cm. \u00a0 \u00a0 V: 60-63 cm. \u00a0 F: 89-93 cm.<\/p>\n<p>S \u00a0 \u00a0: \u00a0B: 84-86 cm. \u00a0 \u00a0 V: 64-67 cm. \u00a0 F: 94-97 cm.<\/p>\n<p>M \u00a0: \u00a0 B: 87-90 cm. \u00a0 \u00a0 V: 68-71 cm. \u00a0 F: 99-102 cm.<\/p>\n<p>L \u00a0 : \u00a0 B: \u00a090-93 cm. \u00a0 \u00a0 V: 72-75 cm. \u00a0 F: 103-106 cm.<\/p>\n<p><\/p>","protected":false},"excerpt":{"rendered":"<p>Il nostro blazer sartoriale: un classico rinnovato con un tocco d&#8217;avanguardia. L&#8217;ispirazione viene dalla &#8220;Colonna infinita&#8221; di C. Brancusi, che simboleggia molto di pi\u00f9 del motivo per cui \u00e8 stata inizialmente commissionata. \u00c8 la tendenza all&#8217;infinito&#8221;, e il suo ultimo rombo volutamente incompiuto si trasforma in precisi tagli sul girovita e la verticalit\u00e0 di un [&hellip;]<\/p>\n","protected":false},"featured_media":287,"template":"","meta":[],"product_brand":[],"product_cat":[29,15,25],"product_tag":[],"class_list":{"0":"post-147","1":"product","2":"type-product","3":"status-publish","4":"has-post-thumbnail","6":"product_cat-collections","7":"product_cat-new-in","8":"product_cat-tops","10":"first","11":"instock","12":"taxable","13":"shipping-taxable","14":"purchasable","15":"product-type-variable"},"_links":{"self":[{"href":"https:\/\/decipherthebrand.com\/it\/wp-json\/wp\/v2\/product\/147","targetHints":{"allow":["GET"]}}],"collection":[{"href":"https:\/\/decipherthebrand.com\/it\/wp-json\/wp\/v2\/product"}],"about":[{"href":"https:\/\/decipherthebrand.com\/it\/wp-json\/wp\/v2\/types\/product"}],"wp:featuredmedia":[{"embeddable":true,"href":"https:\/\/decipherthebrand.com\/it\/wp-json\/wp\/v2\/media\/287"}],"wp:attachment":[{"href":"https:\/\/decipherthebrand.com\/it\/wp-json\/wp\/v2\/media?parent=147"}],"wp:term":[{"taxonomy":"product_brand","embeddable":true,"href":"https:\/\/decipherthebrand.com\/it\/wp-json\/wp\/v2\/product_brand?post=147"},{"taxonomy":"product_cat","embeddable":true,"href":"https:\/\/decipherthebrand.com\/it\/wp-json\/wp\/v2\/product_cat?post=147"},{"taxonomy":"product_tag","embeddable":true,"href":"https:\/\/decipherthebrand.com\/it\/wp-json\/wp\/v2\/product_tag?post=147"}],"curies":[{"name":"wp","href":"https:\/\/api.w.org\/{rel}","templated":true}]}}