{"id":138,"date":"2024-09-21T12:09:54","date_gmt":"2024-09-21T09:09:54","guid":{"rendered":"https:\/\/decipherthebrand.com\/?post_type=product&#038;p=138"},"modified":"2026-04-07T17:25:17","modified_gmt":"2026-04-07T14:25:17","slug":"roena-shirt","status":"publish","type":"product","link":"https:\/\/decipherthebrand.com\/it\/shop\/collections\/roena-shirt\/","title":{"rendered":"CAMICIA ROENA"},"content":{"rendered":"<p>DISPONIBILE A BREVE<\/p>\n<p>Vi presentiamo la nostra camicia strutturata, un capo irrinunciabile del guardaroba che assume un&#8217;allure non convenzionale.<\/p>\n<p>L&#8217;ispirazione viene da una citazione di C. Brancusi: &#8220;Ci\u00f2 che \u00e8 reale non \u00e8 l&#8217;apparenza, ma l&#8217;idea, l&#8217;essenza delle cose&#8221;, che si manifesta attraverso l&#8217;elemento &#8220;il dentro viene fuori&#8221; del taglio chiaro a forma di tasca sul davanti e dell&#8217;altra tasca posta sul retro, poich\u00e9 noi esseri umani tendiamo a portare con noi un bagaglio emotivo o almeno a tenere i nostri pensieri nella parte posteriore della testa.<\/p>\n<p>Roena far\u00e0 sicuramente girare la testa con i suoi dettagli sottili, offrendo al tempo stesso comfort ed essenzialit\u00e0 a chi la indossa.<\/p>\n<p>I nostri tessuti e hardware sono certificati Oeko-Tex.<\/p>\n<p>Nome: variante del nome albanese Rovena, che significa vagabondaggio, viaggio.<\/p>\n<p>&nbsp;<\/p>\n<p>TAGLIA :<\/p>\n<p>XS : B: 80-83 cm. \u00a0 \u00a0 V: 60-63 cm. \u00a0 F: 89-93 cm.<\/p>\n<p>S \u00a0 \u00a0: \u00a0B: 84-86 cm. \u00a0 \u00a0 V: 64-67 cm. \u00a0 F: 94-97 cm.<\/p>\n<p>M \u00a0: \u00a0 B: 87-90 cm. \u00a0 \u00a0 V: 68-71 cm. \u00a0 F: 99-102 cm.<\/p>\n<p>L \u00a0 : \u00a0 B: \u00a090-93 cm. \u00a0 \u00a0 V: 72-75 cm. \u00a0 F: 103-106 cm.<\/p>","protected":false},"excerpt":{"rendered":"<p>DISPONIBILE A BREVE Vi presentiamo la nostra camicia strutturata, un capo irrinunciabile del guardaroba che assume un&#8217;allure non convenzionale. L&#8217;ispirazione viene da una citazione di C. Brancusi: &#8220;Ci\u00f2 che \u00e8 reale non \u00e8 l&#8217;apparenza, ma l&#8217;idea, l&#8217;essenza delle cose&#8221;, che si manifesta attraverso l&#8217;elemento &#8220;il dentro viene fuori&#8221; del taglio chiaro a forma di tasca [&hellip;]<\/p>\n","protected":false},"featured_media":257,"template":"","meta":[],"product_brand":[],"product_cat":[29,15,25],"product_tag":[],"class_list":{"0":"post-138","1":"product","2":"type-product","3":"status-publish","4":"has-post-thumbnail","6":"product_cat-collections","7":"product_cat-new-in","8":"product_cat-tops","10":"first","11":"instock","12":"taxable","13":"shipping-taxable","14":"purchasable","15":"product-type-variable"},"_links":{"self":[{"href":"https:\/\/decipherthebrand.com\/it\/wp-json\/wp\/v2\/product\/138","targetHints":{"allow":["GET"]}}],"collection":[{"href":"https:\/\/decipherthebrand.com\/it\/wp-json\/wp\/v2\/product"}],"about":[{"href":"https:\/\/decipherthebrand.com\/it\/wp-json\/wp\/v2\/types\/product"}],"wp:featuredmedia":[{"embeddable":true,"href":"https:\/\/decipherthebrand.com\/it\/wp-json\/wp\/v2\/media\/257"}],"wp:attachment":[{"href":"https:\/\/decipherthebrand.com\/it\/wp-json\/wp\/v2\/media?parent=138"}],"wp:term":[{"taxonomy":"product_brand","embeddable":true,"href":"https:\/\/decipherthebrand.com\/it\/wp-json\/wp\/v2\/product_brand?post=138"},{"taxonomy":"product_cat","embeddable":true,"href":"https:\/\/decipherthebrand.com\/it\/wp-json\/wp\/v2\/product_cat?post=138"},{"taxonomy":"product_tag","embeddable":true,"href":"https:\/\/decipherthebrand.com\/it\/wp-json\/wp\/v2\/product_tag?post=138"}],"curies":[{"name":"wp","href":"https:\/\/api.w.org\/{rel}","templated":true}]}}