{"id":128,"date":"2024-09-21T11:57:10","date_gmt":"2024-09-21T08:57:10","guid":{"rendered":"https:\/\/decipherthebrand.com\/?post_type=product&#038;p=128"},"modified":"2026-04-07T17:24:45","modified_gmt":"2026-04-07T14:24:45","slug":"asulcencia-blazer","status":"publish","type":"product","link":"https:\/\/decipherthebrand.com\/it\/shop\/collections\/asulcencia-blazer\/","title":{"rendered":"BLAZER ASULCENCIA"},"content":{"rendered":"<p>DISPONIBILE A BREVE<\/p>\n<p>La nostra crop shirt \u00e8 un capo tagliente che presenta tagli netti e offre flessibilit\u00e0 nell&#8217;indossarla.<\/p>\n<p>L&#8217;ispirazione viene da una citazione di C. Brancusi: &#8220;Ci\u00f2 che \u00e8 reale non \u00e8 l&#8217;apparenza, ma l&#8217;idea, l&#8217;essenza delle cose&#8221;, che in questo caso \u00e8 rappresentata dall&#8217;elemento &#8220;il dentro viene fuori&#8221; della fodera, posto in primo piano. \u00c8 inoltre impreziosita da riferimenti geometrici alle opere di famosi scultori.<\/p>\n<p>Il top all&#8217;avanguardia sottolinea la silhouette e offre la possibilit\u00e0 di scegliere la ricchezza delle maniche.<\/p>\n<p>I nostri tessuti e hardware sono certificati Oeko-Tex.<\/p>\n<p>Nome : Il suo nome ha in realt\u00e0 origini buffe, per la discrezione del direttore creativo, un nome inesistente che in realt\u00e0 si adatta perfettamente al prodotto.<\/p>\n<p>TAGLIA :<\/p>\n<p>XS : B: 80-83 cm. \u00a0 \u00a0 V: 60-63 cm. \u00a0 F: 89-93 cm.<\/p>\n<p>S \u00a0 \u00a0: \u00a0B: 84-86 cm. \u00a0 \u00a0 V: 64-67 cm. \u00a0 F: 94-97 cm.<\/p>\n<p>M \u00a0: \u00a0 B: 87-90 cm. \u00a0 \u00a0 V: 68-71 cm. \u00a0 F: 99-102 cm.<\/p>\n<p>L \u00a0 : \u00a0 B: \u00a090-93 cm. \u00a0 \u00a0 V: 72-75 cm. \u00a0 F: 103-106 cm.<\/p>","protected":false},"excerpt":{"rendered":"<p class=\"qtranxs-available-languages-message qtranxs-available-languages-message-it\">Ci spiace, ma questo articolo \u00e8 disponibile soltanto in <a href=\"https:\/\/decipherthebrand.com\/en\/wp-json\/wp\/v2\/product\/128\" class=\"qtranxs-available-language-link qtranxs-available-language-link-en\" title=\"English\">English<\/a>.<\/p>\n","protected":false},"featured_media":286,"template":"","meta":[],"product_brand":[],"product_cat":[29,15,25],"product_tag":[],"class_list":{"0":"post-128","1":"product","2":"type-product","3":"status-publish","4":"has-post-thumbnail","6":"product_cat-collections","7":"product_cat-new-in","8":"product_cat-tops","10":"first","11":"instock","12":"taxable","13":"shipping-taxable","14":"purchasable","15":"product-type-variable"},"_links":{"self":[{"href":"https:\/\/decipherthebrand.com\/it\/wp-json\/wp\/v2\/product\/128","targetHints":{"allow":["GET"]}}],"collection":[{"href":"https:\/\/decipherthebrand.com\/it\/wp-json\/wp\/v2\/product"}],"about":[{"href":"https:\/\/decipherthebrand.com\/it\/wp-json\/wp\/v2\/types\/product"}],"wp:featuredmedia":[{"embeddable":true,"href":"https:\/\/decipherthebrand.com\/it\/wp-json\/wp\/v2\/media\/286"}],"wp:attachment":[{"href":"https:\/\/decipherthebrand.com\/it\/wp-json\/wp\/v2\/media?parent=128"}],"wp:term":[{"taxonomy":"product_brand","embeddable":true,"href":"https:\/\/decipherthebrand.com\/it\/wp-json\/wp\/v2\/product_brand?post=128"},{"taxonomy":"product_cat","embeddable":true,"href":"https:\/\/decipherthebrand.com\/it\/wp-json\/wp\/v2\/product_cat?post=128"},{"taxonomy":"product_tag","embeddable":true,"href":"https:\/\/decipherthebrand.com\/it\/wp-json\/wp\/v2\/product_tag?post=128"}],"curies":[{"name":"wp","href":"https:\/\/api.w.org\/{rel}","templated":true}]}}