{"id":1134,"date":"2025-07-17T23:11:48","date_gmt":"2025-07-17T20:11:48","guid":{"rendered":"https:\/\/decipherthebrand.com\/?post_type=product&#038;p=1134"},"modified":"2026-04-07T17:23:54","modified_gmt":"2026-04-07T14:23:54","slug":"kubra-trousers","status":"publish","type":"product","link":"https:\/\/decipherthebrand.com\/it\/shop\/collections\/kubra-trousers\/","title":{"rendered":"PANTALONI KUBRA"},"content":{"rendered":"<p>&nbsp;<\/p>\n<p>Si ispira alla citazione di C. Brancusi: &#8220;Ci\u00f2 che \u00e8 reale non \u00e8 l&#8217;apparenza ma l&#8217;essenza delle cose&#8221;. Quest&#8217;idea \u00e8 qui dimostrata dal fatto che la fodera assume una posizione primordiale, mimando cos\u00ec l&#8217;emergere del mondo interiore.<\/p>\n<p>Un capo essenziale del guardaroba si \u00e8 trasformato in un concetto indossabile che sicuramente attirer\u00e0 tutti gli sguardi su di voi.<\/p>\n<p>Nome: deriva dall&#8217;arabo e significa grande, maggiore.<\/p>\n<p>Punti chiave : tessuto a contrasto, effetto rovesciato sul fondo, 4 tasche funzionali.<\/p>\n<p>I nostri tessuti e hardware sono certificati Oeko-Tex.<\/p>\n<p>TAGLIA :<\/p>\n<p>XS : B: 80-83 cm. \u00a0 \u00a0 V: 60-63 cm. \u00a0 F: 89-93 cm.<\/p>\n<p>S \u00a0 \u00a0: \u00a0B: 84-86 cm. \u00a0 \u00a0 V: 64-67 cm. \u00a0 F: 94-97 cm.<\/p>\n<p>M \u00a0: \u00a0 B: 87-90 cm. \u00a0 \u00a0 V: 68-71 cm. \u00a0 F: 99-102 cm.<\/p>\n<p>L \u00a0 : \u00a0 B: \u00a090-93 cm. \u00a0 \u00a0 V: 72-75 cm. \u00a0 F: 103-106 cm.<\/p>\n<p>&nbsp;<\/p>","protected":false},"excerpt":{"rendered":"<p>&nbsp; Si ispira alla citazione di C. Brancusi: &#8220;Ci\u00f2 che \u00e8 reale non \u00e8 l&#8217;apparenza ma l&#8217;essenza delle cose&#8221;. Quest&#8217;idea \u00e8 qui dimostrata dal fatto che la fodera assume una posizione primordiale, mimando cos\u00ec l&#8217;emergere del mondo interiore. Un capo essenziale del guardaroba si \u00e8 trasformato in un concetto indossabile che sicuramente attirer\u00e0 tutti gli [&hellip;]<\/p>\n","protected":false},"featured_media":1135,"template":"","meta":[],"product_brand":[],"product_cat":[29,15,18],"product_tag":[],"class_list":{"0":"post-1134","1":"product","2":"type-product","3":"status-publish","4":"has-post-thumbnail","6":"product_cat-collections","7":"product_cat-new-in","8":"product_cat-bottoms","10":"first","11":"instock","12":"taxable","13":"shipping-taxable","14":"purchasable","15":"product-type-variable"},"_links":{"self":[{"href":"https:\/\/decipherthebrand.com\/it\/wp-json\/wp\/v2\/product\/1134","targetHints":{"allow":["GET"]}}],"collection":[{"href":"https:\/\/decipherthebrand.com\/it\/wp-json\/wp\/v2\/product"}],"about":[{"href":"https:\/\/decipherthebrand.com\/it\/wp-json\/wp\/v2\/types\/product"}],"wp:featuredmedia":[{"embeddable":true,"href":"https:\/\/decipherthebrand.com\/it\/wp-json\/wp\/v2\/media\/1135"}],"wp:attachment":[{"href":"https:\/\/decipherthebrand.com\/it\/wp-json\/wp\/v2\/media?parent=1134"}],"wp:term":[{"taxonomy":"product_brand","embeddable":true,"href":"https:\/\/decipherthebrand.com\/it\/wp-json\/wp\/v2\/product_brand?post=1134"},{"taxonomy":"product_cat","embeddable":true,"href":"https:\/\/decipherthebrand.com\/it\/wp-json\/wp\/v2\/product_cat?post=1134"},{"taxonomy":"product_tag","embeddable":true,"href":"https:\/\/decipherthebrand.com\/it\/wp-json\/wp\/v2\/product_tag?post=1134"}],"curies":[{"name":"wp","href":"https:\/\/api.w.org\/{rel}","templated":true}]}}