{"id":85,"date":"2024-09-16T21:57:24","date_gmt":"2024-09-16T18:57:24","guid":{"rendered":"https:\/\/decipherthebrand.com\/?page_id=85"},"modified":"2024-10-23T14:53:47","modified_gmt":"2024-10-23T11:53:47","slug":"payment-and-shipping","status":"publish","type":"page","link":"https:\/\/decipherthebrand.com\/it\/payment-and-shipping\/","title":{"rendered":"Pagamento e spedizione"},"content":{"rendered":"<p><b>PREZZO E PAGAMENTO<\/b><\/p>\n<p>IL PREZZO DEI PRODOTTI \u00c8 COME INDICATO SUL SITO DI VOLTA IN VOLTA.<\/p>\n<p>PER GLI ORDINI EFFETTUATI IN UE PREZZI INCLUDONO L&#8217;IVA, MA ESCLUDONO LE SPESE DI SPEDIZIONE, CHE VERRANNO AUTOMATICAMENTE AGGIUNTE (AL COSTO INDICATO) ALL&#8217;IMPORTO TOTALE DOVUTO QUANDO VISUALIZZI GLI ARTICOLI NEL TUO CARRELLO E HAI SELEZIONATO IL METODO DI CONSEGNA DIVERSO.<\/p>\n<p>I PREZZI E I COSTI DI CONSEGNA SONO SOGGETTI A MODIFICA IN QUALSIASI MOMENTO. TUTTAVIA, LE EVENTUALI MODIFICHE NON INTERESSERANNO GLI ORDINI PER I QUALI SIA GI\u00c0 STATA INVIATA UNA CONFERMA DI SPEDIZIONE ALL\u2019UTENTE.<\/p>\n<p>IL SITO CONTIENE UN NUMERO DI PRODOTTI, PERTANTO, NONOSTANTE I NOSTRI SFORZI, \u00c8 POSSIBILE CHE I PREZZI DI ALCUNI DEI PRODOTTI PRESENTI SUL SITO NON SIANO CORRETTI. VERIFICHIAMO SOLITAMENTE I PREZZI NELL&#8217;AMBITO DELLE NOSTRE PROCEDURE DI SPEDIZIONE IN MODO CHE, LADDOVE IL PREZZO CORRETTO DI UN PRODOTTO SIA INFERIORE AL PREZZO INDICATO SUL SITO, ADDEBITEREMO ALL&#8217;UTENTE L&#8217;IMPORTO PI\u00d9 BASSO. OVE IL PREZZO CORRETTO DI UN PRODOTTO SIA SUPERIORE AL PREZZO INDICATO SUL SITO, POTREMMO, A NOSTRA DISCREZIONE, CONTATTARE L&#8217;UTENTE PER FORNIRE ISTRUZIONI PRIMA DI SPEDIRE IL PRODOTTO IN QUESTIONE, OPPURE RIFIUTARE L&#8217;ORDINE INFORMANDONE L&#8217;UTENTE.<\/p>\n<p>PAGAMENTO PER TUTTI GLI ORDINI DEVE ESSERE FATTO DA CARTA DI CREDITO O DI DEBITO SULLA PAGINA CHECKOUT. ACCETTIAMO IL PAGAMENTO CON LA MAGGIOR PARTE DELLE PRINCIPALI CARTE DI CREDITO E DI DEBITO.<\/p>\n<p>&nbsp;<\/p>\n<p>L&#8217;UTENTE DEVE ESSERE CONSAPEVOLE CHE LE TRANSAZIONI DI PAGAMENTO ONLINE SONO SOGGETTE A CONTROLLI DI CONVALIDA DA PARTE DELL&#8217;EMITTENTE DELLA SUA CARTA E NON SIAMO RESPONSABILI SE L&#8217;EMITTENTE DELLA SUA CARTA RIFIUTA DI AUTORIZZARE IL PAGAMENTO PER QUALSIASI MOTIVO. EFFETTUIAMO ANCHE UN CONTROLLO DI PREAUTORIZZAZIONE STANDARD SULLA VOSTRA CARTA DI PAGAMENTO, E I PRODOTTI NON SARANNO SPEDITI FINO A QUANDO QUESTO CONTROLLO DI PRE-AUTORIZZAZIONE NON \u00c8 STATO COMPLETATO. SI PREGA DI NOTARE, \u00c8 POSSIBILE CHE L&#8217;EMITTENTE DELLA VOSTRA CARTA POTREBBE ADDEBITARE UNA COMMISSIONE DI GESTIONE ONLINE O DI ELABORAZIONE. DECIPHER NON \u00c8 RESPONSABILE PER TALE EVENTUALIT\u00c0.<\/p>\n<p>OCCASIONALMENTE, POTREMO ESEGUIRE PROMOZIONI DOVE EMETTIAMO CODICI SCONTO CHE POSSONO ESSERE UTILIZZATI PER IL PARZIALE PAGAMENTO DEL PREZZO DEI PRODOTTI ORDINATI ONLINE, FATTI SALVI I TERMINI E LE CONDIZIONI APPLICABILI ALLA LORO EMISSIONE (INDICATI NELLA PROMOZIONE NELL&#8217;AMBITO DELLA QUALE \u00c8 STATO OTTENUTO IL CODICE). I CODICI SCONTO POSSONO ESSERE UTILIZZATI SONO IN UNA SINGOLA OCCASIONE, E OLO DURANTE IL PERIODO DI VALIDIT\u00c0 INDICATO E SOLO IN RELAZIONE AL PRODOTTO\/ PRODOTTI SPECIFICATO\/SPECIFICATI. I CODICI DI SCONTO NON POSSONO ESSERE CONVERTITI IN DENARO CONTANTE.<\/p>\n<p><b>SPEDIZIONE<\/b><\/p>\n<p><b>INFORMAZIONI SULLA SPEDIZIONE<\/b><\/p>\n<p>&nbsp;<\/p>\n<p>LE CONSEGNE SONO EFFETTUATE DAL CORRIERE DELLA SOCIET\u00c0 LOGISTICA DA NOI SCELTA E AVVENGONO SECONDO IL PROGRAMMA DELLA SOCIET\u00c0 LOGISTICA. NON \u00c8 POSSIBILE SPECIFICARE UN PRECISO ORARIO DI CONSEGNA. SI PREGA DI NOTARE CHE IL CORRIERE PU\u00d2 RICHIEDERE LE CONSEGNE PER ESSERE FIRMATO.<\/p>\n<p>TUTTE LE OPZIONI DI CONSEGNA PERTINENTI O DETTAGLI DISPONIBILI PER IL VOSTRO ORDINE E ALLA VOSTRA DESTINAZIONE SARANNO VISUALIZZATI AL MOMENTO DEL CHECKOUT.<\/p>\n<p><b>TEMPI DI SPEDIZIONE<\/b><\/p>\n<p>NEI PAESI DELL&#8217;UE, IL TEMPO DI TRASPORTO NON SUPERA SOLITAMENTE 10 GIORNI. PER I PAESI EXTRA UE, IL TEMPO APPROSSIMATIVO DI TRASPOSIZIONE SAR\u00c0 COMUNICATO VIA EMAIL INSIEME ALL&#8217;ACCETTAZIONE DEL VOSTRO ORDINE.<\/p>\n<p>SI PREGA DI TENERE PRESENTE CHE I NOSTRI TEMPI DI SPEDIZIONE DOVREBBERO ESSERE UTILIZZATI COME GUIDA SOLO E SONO BASATI SUL TEMPO DALLA SPEDIZIONE. DECIPHER NON PU\u00d2 ASSUMERSI LA RESPONSABILIT\u00c0 PER I RITARDI DI SDOGANAMENTO O L&#8217;OMISSIONE DI PAGAMENTO NON RIUSCITA, MA CERCHEREMO DI RIDURRE AL MINIMO EVENTUALI RITARDI.<\/p>\n<p>SE IL VOSTRO INDIRIZZO DI CONSEGNA \u00c8 GEOGRAFICAMENTE REMOTO, POTREMMO NON ESSERE IN GRADO DI CONSEGNARE I BENI ORDINATI PRESSO TALE INDIRIZZO DI CONSEGNA. IN TAL CASO, INFORMEREMO L&#8217;UTENTE DI TALE CIRCOSTANZA PRIMA DI ACCETTARE L&#8217;ORDINE. CI RISERVIAMO DI NON CONSEGNARE IN EVENTUALI PAESI\/REGIONI\u00a0VIETATI AI SENSI DELLE LEGGI APPLICABILI IN MATERIA DI ESPORTAZIONE. GLI ORDINI NON POSSONO ESSERE CONSEGNATI PRESSO CASELLE POSTALI O INDIRIZZI ANALOGHI.<\/p>\n<p>L&#8217;UTENTE \u00c8 TENUTO AD ADEMPIERE A TUTTE LE LEGGI E I REGOLAMENTI APPLICABILI NEL PAESE\/REGIONE\u00a0DI DESTINAZIONE DEI PRODOTTI. NON RISPONDEREMO PER EVENTUALI VIOLAZIONI DI TALI LEGGI DA PARTE DELL&#8217;UTENTE.<\/p>\n<p>I PRODOTTI COMPRESI NELLO STESSO ORDINE NON POSSONO ESSERE CONSEGNATI A INDIRIZZI DIVERSI.<\/p>\n<p>&nbsp;<\/p>\n<p><b>DAZI E IMPOSTE<\/b><\/p>\n<p>SE ORDINATE PRODOTTO(S) PER LA CONSEGNA INTERNAZIONALE, POSSONO ESSERE APERTI E ISPEZIONATI DALLE AUTORIT\u00c0 DOGANALI E POSSONO ESSERE SOGGETTI A DAZI ALL&#8217;IMPORTAZIONE E TASSE CHE SONO RISCOSSI QUANDO LA CONSEGNA RAGGIUNGE LA DESTINAZIONE SPECIFICATA. SARETE RESPONSABILI PER IL PAGAMENTO DI TALI DAZI E TASSE DI IMPORTAZIONE. SI PREGA DI NOTARE CHE NON ABBIAMO ALCUN CONTROLLO SU QUESTE SPESE E NON POSSIAMO PREVEDERE IL LORO IMPORTO. CONTATTA IL TUO UFFICIO DOGANALE LOCALE PER ULTERIORI INFORMAZIONI PRIMA DI EFFETTUARE L&#8217;ORDINE. NEL CASO IN CUI SI RESTITUISCE un articolo, I DAZI ALL&#8217;IMPORTAZIONE SARANNO RIMBORSATI SE ERANO ORIGINARIAMENTE INCLUSI NEL PREZZO DI ACQUISTO. SE NON ERANO INCLUSI ALLORA SARETE RESPONSABILI PER IL RECUPERO DEI DAZI DIRETTAMENTE DAL VOSTRO UFFICIO DOGANALE LOCALE.<\/p>\n<p>SI PREGA DI NOTARE CHE \u00c8 NECESSARIO RISPETTARE TUTTE LE LEGGI E REGOLAMENTI APPLICABILI DEL PAESE\/REGIONE PER LA QUALE IL PRODOTTO(I) SONO DESTINATI. NON SAREMO RESPONSABILI PER QUALSIASI VIOLAZIONE DA PARTE DELL&#8217;UTENTE DI TALI LEGGI.<\/p>","protected":false},"excerpt":{"rendered":"<p>PREZZO E PAGAMENTO IL PREZZO DEI PRODOTTI \u00c8 COME INDICATO SUL SITO DI VOLTA IN VOLTA. PER GLI ORDINI EFFETTUATI IN UE PREZZI INCLUDONO L&#8217;IVA, MA ESCLUDONO LE SPESE DI SPEDIZIONE, CHE VERRANNO AUTOMATICAMENTE AGGIUNTE (AL COSTO INDICATO) ALL&#8217;IMPORTO TOTALE DOVUTO QUANDO VISUALIZZI GLI ARTICOLI NEL TUO CARRELLO E HAI SELEZIONATO IL METODO DI CONSEGNA [&hellip;]<\/p>\n","protected":false},"author":1,"featured_media":0,"parent":0,"menu_order":8,"comment_status":"closed","ping_status":"closed","template":"","meta":{"footnotes":""},"class_list":["post-85","page","type-page","status-publish","hentry"],"_links":{"self":[{"href":"https:\/\/decipherthebrand.com\/it\/wp-json\/wp\/v2\/pages\/85","targetHints":{"allow":["GET"]}}],"collection":[{"href":"https:\/\/decipherthebrand.com\/it\/wp-json\/wp\/v2\/pages"}],"about":[{"href":"https:\/\/decipherthebrand.com\/it\/wp-json\/wp\/v2\/types\/page"}],"author":[{"embeddable":true,"href":"https:\/\/decipherthebrand.com\/it\/wp-json\/wp\/v2\/users\/1"}],"replies":[{"embeddable":true,"href":"https:\/\/decipherthebrand.com\/it\/wp-json\/wp\/v2\/comments?post=85"}],"version-history":[{"count":18,"href":"https:\/\/decipherthebrand.com\/it\/wp-json\/wp\/v2\/pages\/85\/revisions"}],"predecessor-version":[{"id":317,"href":"https:\/\/decipherthebrand.com\/it\/wp-json\/wp\/v2\/pages\/85\/revisions\/317"}],"wp:attachment":[{"href":"https:\/\/decipherthebrand.com\/it\/wp-json\/wp\/v2\/media?parent=85"}],"curies":[{"name":"wp","href":"https:\/\/api.w.org\/{rel}","templated":true}]}}